{"id":252,"date":"2025-07-26T12:16:08","date_gmt":"2025-07-26T12:16:08","guid":{"rendered":"https:\/\/scpc-plomberie.fr\/?page_id=252"},"modified":"2025-11-13T07:22:38","modified_gmt":"2025-11-13T07:22:38","slug":"contact","status":"publish","type":"page","link":"https:\/\/scpc-plomberie.fr\/index.php\/contact\/","title":{"rendered":"Contact"},"content":{"rendered":"\t\t<div data-elementor-type=\"wp-page\" data-elementor-id=\"252\" class=\"elementor elementor-252\" data-elementor-post-type=\"page\">\n\t\t\t\t<div class=\"elementor-element elementor-element-21c54c1 e-flex e-con-boxed elementor-invisible e-con e-parent\" data-id=\"21c54c1\" data-element_type=\"container\" data-settings=\"{&quot;background_background&quot;:&quot;classic&quot;,&quot;animation&quot;:&quot;fadeIn&quot;}\">\n\t\t\t\t\t<div class=\"e-con-inner\">\n\t\t<div class=\"elementor-element elementor-element-772a065 e-con-full e-flex e-con e-child\" data-id=\"772a065\" data-element_type=\"container\" data-settings=\"{&quot;background_background&quot;:&quot;classic&quot;}\">\n\t\t\t\t<div class=\"elementor-element elementor-element-33d8aec elementor-widget__width-auto de_scroll_animation_no elementor-invisible elementor-widget elementor-widget-heading\" data-id=\"33d8aec\" data-element_type=\"widget\" data-settings=\"{&quot;_animation&quot;:&quot;fadeInLeft&quot;}\" data-widget_type=\"heading.default\">\n\t\t\t\t\t<h6 class=\"elementor-heading-title elementor-size-default\">Notre service<\/h6>\t\t\t\t<\/div>\n\t\t\t\t<div class=\"elementor-element elementor-element-48b2c61 de_scroll_animation_no elementor-invisible elementor-widget elementor-widget-heading\" data-id=\"48b2c61\" data-element_type=\"widget\" data-settings=\"{&quot;_animation&quot;:&quot;fadeInUp&quot;}\" data-widget_type=\"heading.default\">\n\t\t\t\t\t<h1 class=\"elementor-heading-title elementor-size-default\">Contact<\/h1>\t\t\t\t<\/div>\n\t\t\t\t<\/div>\n\t\t\t\t\t<\/div>\n\t\t\t\t<\/div>\n\t\t<div class=\"elementor-element elementor-element-b709972 e-flex e-con-boxed e-con e-parent\" data-id=\"b709972\" data-element_type=\"container\">\n\t\t\t\t\t<div class=\"e-con-inner\">\n\t\t<div class=\"elementor-element elementor-element-b31eeab e-con-full e-flex e-con e-child\" data-id=\"b31eeab\" data-element_type=\"container\">\n\t\t\t\t<div class=\"elementor-element elementor-element-4b10147 de_scroll_animation_no elementor-invisible elementor-widget elementor-widget-heading\" data-id=\"4b10147\" data-element_type=\"widget\" data-settings=\"{&quot;_animation&quot;:&quot;fadeInUp&quot;}\" data-widget_type=\"heading.default\">\n\t\t\t\t\t<h3 class=\"elementor-heading-title elementor-size-default\">Remplissez le formulaire ci-dessous <\/h3>\t\t\t\t<\/div>\n\t\t\t\t<div class=\"elementor-element elementor-element-01efd17 de_scroll_animation_no elementor-widget elementor-widget-text-editor\" data-id=\"01efd17\" data-element_type=\"widget\" data-widget_type=\"text-editor.default\">\n\t\t\t\t\t\t\t\t\t<p>Ou contactez-nous directement par t\u00e9l\u00e9phone.<br \/>Nous reviendrons vers vous dans les meilleurs d\u00e9lais.<\/p>\t\t\t\t\t\t\t\t<\/div>\n\t\t\t\t<div class=\"elementor-element elementor-element-b274ddf elementor-button-align-stretch de_scroll_animation_no elementor-widget elementor-widget-form\" data-id=\"b274ddf\" data-element_type=\"widget\" data-settings=\"{&quot;step_next_label&quot;:&quot;Suivant&quot;,&quot;step_previous_label&quot;:&quot;Pr\\u00e9c\\u00e9dent&quot;,&quot;button_width&quot;:&quot;100&quot;,&quot;step_type&quot;:&quot;number_text&quot;,&quot;step_icon_shape&quot;:&quot;circle&quot;}\" data-widget_type=\"form.default\">\n\t\t\t\t\t\t\t<form class=\"elementor-form\" method=\"post\" name=\"Nouveau formulaire\" aria-label=\"Nouveau formulaire\">\n\t\t\t<input type=\"hidden\" name=\"post_id\" value=\"252\"\/>\n\t\t\t<input type=\"hidden\" name=\"form_id\" value=\"b274ddf\"\/>\n\t\t\t<input type=\"hidden\" name=\"referer_title\" value=\"Contactez SCPC Plomberie \u2013 Devis gratuit \u00e0 S\u00e8te ou Montpellier\" \/>\n\n\t\t\t\t\t\t\t<input type=\"hidden\" name=\"queried_id\" value=\"252\"\/>\n\t\t\t\n\t\t\t<div class=\"elementor-form-fields-wrapper elementor-labels-above\">\n\t\t\t\t\t\t\t\t<div class=\"elementor-field-type-text elementor-field-group elementor-column elementor-field-group-name elementor-col-100 elementor-field-required\">\n\t\t\t\t\t\t\t\t\t\t\t\t\t<input size=\"1\" type=\"text\" name=\"form_fields[name]\" id=\"form-field-name\" class=\"elementor-field elementor-size-sm  elementor-field-textual\" placeholder=\"Qui \u00eates vous ? *\" required=\"required\">\n\t\t\t\t\t\t\t\t\t\t\t<\/div>\n\t\t\t\t\t\t\t\t<div class=\"elementor-field-type-email elementor-field-group elementor-column elementor-field-group-email elementor-col-100 elementor-field-required\">\n\t\t\t\t\t\t\t\t\t\t\t\t\t<input size=\"1\" type=\"email\" name=\"form_fields[email]\" id=\"form-field-email\" class=\"elementor-field elementor-size-sm  elementor-field-textual\" placeholder=\"Vous \u00e9crire *\" required=\"required\">\n\t\t\t\t\t\t\t\t\t\t\t<\/div>\n\t\t\t\t\t\t\t\t<div class=\"elementor-field-type-tel elementor-field-group elementor-column elementor-field-group-field_cdff0f9 elementor-col-100 elementor-field-required\">\n\t\t\t\t\t\t\t<input size=\"1\" type=\"tel\" name=\"form_fields[field_cdff0f9]\" id=\"form-field-field_cdff0f9\" class=\"elementor-field elementor-size-sm  elementor-field-textual\" placeholder=\"Vous appelez *\" required=\"required\" pattern=\"[0-9()#&amp;+*-=.]+\" title=\"Seuls les caract\u00e8res de num\u00e9ros de t\u00e9l\u00e9phone (#, -, *, etc.) sont accept\u00e9s.\">\n\n\t\t\t\t\t\t<\/div>\n\t\t\t\t\t\t\t\t<div class=\"elementor-field-type-textarea elementor-field-group elementor-column elementor-field-group-message elementor-col-100\">\n\t\t\t\t\t<textarea class=\"elementor-field-textual elementor-field  elementor-size-sm\" name=\"form_fields[message]\" id=\"form-field-message\" rows=\"4\" placeholder=\"Votre message *\"><\/textarea>\t\t\t\t<\/div>\n\t\t\t\t\t\t\t\t<div class=\"elementor-field-type-recaptcha_v3 elementor-field-group elementor-column elementor-field-group-field_23525ab elementor-col-100 recaptcha_v3-inline\">\n\t\t\t\t\t<div class=\"elementor-field\" id=\"form-field-field_23525ab\"><div class=\"elementor-g-recaptcha\" data-sitekey=\"6Lf1wpUrAAAAABX5uqULK_YIyNRZkbNeXAjtinrG\" data-type=\"v3\" data-action=\"Form\" data-badge=\"inline\" data-size=\"invisible\"><\/div><\/div>\t\t\t\t<\/div>\n\t\t\t\t\t\t\t\t<div class=\"elementor-field-group elementor-column elementor-field-type-submit elementor-col-100 e-form__buttons\">\n\t\t\t\t\t<button class=\"elementor-button elementor-size-sm\" type=\"submit\">\n\t\t\t\t\t\t<span class=\"elementor-button-content-wrapper\">\n\t\t\t\t\t\t\t\t\t\t\t\t\t\t\t\t\t\t\t\t\t\t<span class=\"elementor-button-text\">Envoyer<\/span>\n\t\t\t\t\t\t\t\t\t\t\t\t\t<\/span>\n\t\t\t\t\t<\/button>\n\t\t\t\t<\/div>\n\t\t\t<\/div>\n\t\t<\/form>\n\t\t\t\t\t\t<\/div>\n\t\t<div class=\"elementor-element elementor-element-00978d1 e-con-full e-flex e-con e-child\" data-id=\"00978d1\" data-element_type=\"container\">\n\t\t<div class=\"elementor-element elementor-element-947f7fb e-con-full e-flex e-con e-child\" data-id=\"947f7fb\" data-element_type=\"container\">\n\t\t\t\t<div class=\"elementor-element elementor-element-131ec10 de_scroll_animation_no elementor-invisible elementor-widget elementor-widget-heading\" data-id=\"131ec10\" data-element_type=\"widget\" data-settings=\"{&quot;_animation&quot;:&quot;fadeInUp&quot;}\" data-widget_type=\"heading.default\">\n\t\t\t\t\t<h6 class=\"elementor-heading-title elementor-size-default\">Adresse<\/h6>\t\t\t\t<\/div>\n\t\t\t\t<div class=\"elementor-element elementor-element-e7ed5ec elementor-hidden-desktop elementor-hidden-tablet elementor-hidden-mobile de_scroll_animation_no elementor-invisible elementor-widget elementor-widget-text-editor\" data-id=\"e7ed5ec\" data-element_type=\"widget\" data-settings=\"{&quot;_animation&quot;:&quot;fadeInUp&quot;}\" data-widget_type=\"text-editor.default\">\n\t\t\t\t\t\t\t\t\t<p>2 Place du Port Saint-Clair 34200 S\u00e8te<\/p>\t\t\t\t\t\t\t\t<\/div>\n\t\t\t\t<div class=\"elementor-element elementor-element-0353945 de_scroll_animation_no elementor-invisible elementor-widget elementor-widget-text-editor\" data-id=\"0353945\" data-element_type=\"widget\" data-settings=\"{&quot;_animation&quot;:&quot;fadeInUp&quot;}\" data-widget_type=\"text-editor.default\">\n\t\t\t\t\t\t\t\t\t<p>56 Avenue de Toulouse 34070 Montpellier<\/p>\t\t\t\t\t\t\t\t<\/div>\n\t\t\t\t<\/div>\n\t\t<div class=\"elementor-element elementor-element-19e2f7d e-con-full e-flex e-con e-child\" data-id=\"19e2f7d\" data-element_type=\"container\">\n\t\t\t\t<div class=\"elementor-element elementor-element-13127fd de_scroll_animation_no elementor-invisible elementor-widget elementor-widget-heading\" data-id=\"13127fd\" data-element_type=\"widget\" data-settings=\"{&quot;_animation&quot;:&quot;fadeInUp&quot;,&quot;_animation_delay&quot;:250}\" data-widget_type=\"heading.default\">\n\t\t\t\t\t<h6 class=\"elementor-heading-title elementor-size-default\">Contact<\/h6>\t\t\t\t<\/div>\n\t\t\t\t<div class=\"elementor-element elementor-element-1052a63 elementor-widget-tablet__width-inherit elementor-mobile-align-left elementor-icon-list--layout-traditional elementor-list-item-link-full_width de_scroll_animation_no elementor-invisible elementor-widget elementor-widget-icon-list\" data-id=\"1052a63\" data-element_type=\"widget\" data-settings=\"{&quot;_animation&quot;:&quot;fadeInUp&quot;,&quot;_animation_delay&quot;:250}\" data-widget_type=\"icon-list.default\">\n\t\t\t\t\t\t\t<ul class=\"elementor-icon-list-items\">\n\t\t\t\t\t\t\t<li class=\"elementor-icon-list-item\">\n\t\t\t\t\t\t\t\t\t\t\t<a href=\"tel:0607353712\">\n\n\t\t\t\t\t\t\t\t\t\t\t\t<span class=\"elementor-icon-list-icon\">\n\t\t\t\t\t\t\t<svg aria-hidden=\"true\" class=\"e-font-icon-svg e-fas-mobile-alt\" viewBox=\"0 0 320 512\" xmlns=\"http:\/\/www.w3.org\/2000\/svg\"><path d=\"M272 0H48C21.5 0 0 21.5 0 48v416c0 26.5 21.5 48 48 48h224c26.5 0 48-21.5 48-48V48c0-26.5-21.5-48-48-48zM160 480c-17.7 0-32-14.3-32-32s14.3-32 32-32 32 14.3 32 32-14.3 32-32 32zm112-108c0 6.6-5.4 12-12 12H60c-6.6 0-12-5.4-12-12V60c0-6.6 5.4-12 12-12h200c6.6 0 12 5.4 12 12v312z\"><\/path><\/svg>\t\t\t\t\t\t<\/span>\n\t\t\t\t\t\t\t\t\t\t<span class=\"elementor-icon-list-text\">06 07 35 37 12<\/span>\n\t\t\t\t\t\t\t\t\t\t\t<\/a>\n\t\t\t\t\t\t\t\t\t<\/li>\n\t\t\t\t\t\t\t\t<li class=\"elementor-icon-list-item\">\n\t\t\t\t\t\t\t\t\t\t\t<a href=\"mailto:contact@scpc-plomberie.fr\">\n\n\t\t\t\t\t\t\t\t\t\t\t\t<span class=\"elementor-icon-list-icon\">\n\t\t\t\t\t\t\t<svg aria-hidden=\"true\" class=\"e-font-icon-svg e-far-envelope\" viewBox=\"0 0 512 512\" xmlns=\"http:\/\/www.w3.org\/2000\/svg\"><path d=\"M464 64H48C21.49 64 0 85.49 0 112v288c0 26.51 21.49 48 48 48h416c26.51 0 48-21.49 48-48V112c0-26.51-21.49-48-48-48zm0 48v40.805c-22.422 18.259-58.168 46.651-134.587 106.49-16.841 13.247-50.201 45.072-73.413 44.701-23.208.375-56.579-31.459-73.413-44.701C106.18 199.465 70.425 171.067 48 152.805V112h416zM48 400V214.398c22.914 18.251 55.409 43.862 104.938 82.646 21.857 17.205 60.134 55.186 103.062 54.955 42.717.231 80.509-37.199 103.053-54.947 49.528-38.783 82.032-64.401 104.947-82.653V400H48z\"><\/path><\/svg>\t\t\t\t\t\t<\/span>\n\t\t\t\t\t\t\t\t\t\t<span class=\"elementor-icon-list-text\">contact@scpc-plomberie.fr<\/span>\n\t\t\t\t\t\t\t\t\t\t\t<\/a>\n\t\t\t\t\t\t\t\t\t<\/li>\n\t\t\t\t\t\t<\/ul>\n\t\t\t\t\t\t<\/div>\n\t\t\t\t<\/div>\n\t\t\t\t<\/div>\n\t\t\t\t<\/div>\n\t\t<div class=\"elementor-element elementor-element-399ab07 e-con-full e-flex e-con e-child\" data-id=\"399ab07\" data-element_type=\"container\">\n\t\t\t\t<div class=\"elementor-element elementor-element-e1dde77 de_scroll_animation_no elementor-invisible elementor-widget elementor-widget-google_maps\" data-id=\"e1dde77\" data-element_type=\"widget\" data-settings=\"{&quot;_animation&quot;:&quot;fadeIn&quot;}\" data-widget_type=\"google_maps.default\">\n\t\t\t\t\t\t\t<div class=\"elementor-custom-embed\">\n\t\t\t<iframe loading=\"lazy\"\n\t\t\t\t\tsrc=\"https:\/\/maps.google.com\/maps?q=SCPC%20-%20Plomberie%20montpellier&#038;t=m&#038;z=10&#038;output=embed&#038;iwloc=near\"\n\t\t\t\t\ttitle=\"SCPC - Plomberie montpellier\"\n\t\t\t\t\taria-label=\"SCPC - Plomberie montpellier\"\n\t\t\t><\/iframe>\n\t\t<\/div>\n\t\t\t\t\t\t<\/div>\n\t\t\t\t<\/div>\n\t\t\t\t\t<\/div>\n\t\t\t\t<\/div>\n\t\t\t\t<\/div>\n\t\t","protected":false},"excerpt":{"rendered":"<p>Notre service Remplissez le formulaire ci-dessous Ou contactez-nous directement par t\u00e9l\u00e9phone.Nous reviendrons vers vous dans les meilleurs d\u00e9lais. Adresse 2 Place du Port Saint-Clair 34200 S\u00e8te 56 Avenue de Toulouse 34070 Montpellier Contact 06 07 35 37 12 contact@scpc-plomberie.fr<\/p>\n","protected":false},"author":1,"featured_media":0,"parent":0,"menu_order":0,"comment_status":"closed","ping_status":"closed","template":"elementor_header_footer","meta":{"footnotes":""},"class_list":["post-252","page","type-page","status-publish","hentry"],"yoast_head":"<!-- This site is optimized with the Yoast SEO plugin v25.6 - https:\/\/yoast.com\/wordpress\/plugins\/seo\/ -->\n<title>Contactez SCPC Plomberie \u2013 Devis gratuit \u00e0 S\u00e8te ou Montpellier<\/title>\n<meta name=\"description\" content=\"Demandez un devis ou une intervention urgente. Contact rapide par t\u00e9l\u00e9phone ou formulaire. SCPC intervient \u00e0 S\u00e8te, Montpellier et alentours.\" \/>\n<meta name=\"robots\" content=\"index, follow, max-snippet:-1, max-image-preview:large, max-video-preview:-1\" \/>\n<link rel=\"canonical\" href=\"https:\/\/scpc-plomberie.fr\/index.php\/contact\/\" \/>\n<meta property=\"og:locale\" content=\"fr_FR\" \/>\n<meta property=\"og:type\" content=\"article\" \/>\n<meta property=\"og:title\" content=\"Contactez SCPC Plomberie \u2013 Devis gratuit \u00e0 S\u00e8te ou Montpellier\" \/>\n<meta property=\"og:description\" content=\"Demandez un devis ou une intervention urgente. Contact rapide par t\u00e9l\u00e9phone ou formulaire. SCPC intervient \u00e0 S\u00e8te, Montpellier et alentours.\" \/>\n<meta property=\"og:url\" content=\"https:\/\/scpc-plomberie.fr\/index.php\/contact\/\" \/>\n<meta property=\"og:site_name\" content=\"SCPC Plomberie\" \/>\n<meta property=\"article:modified_time\" content=\"2025-11-13T07:22:38+00:00\" \/>\n<meta name=\"twitter:card\" content=\"summary_large_image\" \/>\n<meta name=\"twitter:label1\" content=\"Dur\u00e9e de lecture estim\u00e9e\" \/>\n\t<meta name=\"twitter:data1\" content=\"1 minute\" \/>\n<script type=\"application\/ld+json\" class=\"yoast-schema-graph\">{\"@context\":\"https:\/\/schema.org\",\"@graph\":[{\"@type\":\"WebPage\",\"@id\":\"https:\/\/scpc-plomberie.fr\/index.php\/contact\/\",\"url\":\"https:\/\/scpc-plomberie.fr\/index.php\/contact\/\",\"name\":\"Contactez SCPC Plomberie \u2013 Devis gratuit \u00e0 S\u00e8te ou Montpellier\",\"isPartOf\":{\"@id\":\"https:\/\/scpc-plomberie.fr\/#website\"},\"datePublished\":\"2025-07-26T12:16:08+00:00\",\"dateModified\":\"2025-11-13T07:22:38+00:00\",\"description\":\"Demandez un devis ou une intervention urgente. Contact rapide par t\u00e9l\u00e9phone ou formulaire. SCPC intervient \u00e0 S\u00e8te, Montpellier et alentours.\",\"breadcrumb\":{\"@id\":\"https:\/\/scpc-plomberie.fr\/index.php\/contact\/#breadcrumb\"},\"inLanguage\":\"fr-FR\",\"potentialAction\":[{\"@type\":\"ReadAction\",\"target\":[\"https:\/\/scpc-plomberie.fr\/index.php\/contact\/\"]}]},{\"@type\":\"BreadcrumbList\",\"@id\":\"https:\/\/scpc-plomberie.fr\/index.php\/contact\/#breadcrumb\",\"itemListElement\":[{\"@type\":\"ListItem\",\"position\":1,\"name\":\"Accueil\",\"item\":\"https:\/\/scpc-plomberie.fr\/\"},{\"@type\":\"ListItem\",\"position\":2,\"name\":\"Contact\"}]},{\"@type\":\"WebSite\",\"@id\":\"https:\/\/scpc-plomberie.fr\/#website\",\"url\":\"https:\/\/scpc-plomberie.fr\/\",\"name\":\"SCPC Plomberie\",\"description\":\"\",\"publisher\":{\"@id\":\"https:\/\/scpc-plomberie.fr\/#organization\"},\"potentialAction\":[{\"@type\":\"SearchAction\",\"target\":{\"@type\":\"EntryPoint\",\"urlTemplate\":\"https:\/\/scpc-plomberie.fr\/?s={search_term_string}\"},\"query-input\":{\"@type\":\"PropertyValueSpecification\",\"valueRequired\":true,\"valueName\":\"search_term_string\"}}],\"inLanguage\":\"fr-FR\"},{\"@type\":\"Organization\",\"@id\":\"https:\/\/scpc-plomberie.fr\/#organization\",\"name\":\"SCPC Plomberie\",\"url\":\"https:\/\/scpc-plomberie.fr\/\",\"logo\":{\"@type\":\"ImageObject\",\"inLanguage\":\"fr-FR\",\"@id\":\"https:\/\/scpc-plomberie.fr\/#\/schema\/logo\/image\/\",\"url\":\"https:\/\/scpc-plomberie.fr\/wp-content\/uploads\/2025\/07\/scpc-logo-2.png\",\"contentUrl\":\"https:\/\/scpc-plomberie.fr\/wp-content\/uploads\/2025\/07\/scpc-logo-2.png\",\"width\":800,\"height\":400,\"caption\":\"SCPC Plomberie\"},\"image\":{\"@id\":\"https:\/\/scpc-plomberie.fr\/#\/schema\/logo\/image\/\"}}]}<\/script>\n<!-- \/ Yoast SEO plugin. -->","yoast_head_json":{"title":"Contactez SCPC Plomberie \u2013 Devis gratuit \u00e0 S\u00e8te ou Montpellier","description":"Demandez un devis ou une intervention urgente. Contact rapide par t\u00e9l\u00e9phone ou formulaire. SCPC intervient \u00e0 S\u00e8te, Montpellier et alentours.","robots":{"index":"index","follow":"follow","max-snippet":"max-snippet:-1","max-image-preview":"max-image-preview:large","max-video-preview":"max-video-preview:-1"},"canonical":"https:\/\/scpc-plomberie.fr\/index.php\/contact\/","og_locale":"fr_FR","og_type":"article","og_title":"Contactez SCPC Plomberie \u2013 Devis gratuit \u00e0 S\u00e8te ou Montpellier","og_description":"Demandez un devis ou une intervention urgente. Contact rapide par t\u00e9l\u00e9phone ou formulaire. SCPC intervient \u00e0 S\u00e8te, Montpellier et alentours.","og_url":"https:\/\/scpc-plomberie.fr\/index.php\/contact\/","og_site_name":"SCPC Plomberie","article_modified_time":"2025-11-13T07:22:38+00:00","twitter_card":"summary_large_image","twitter_misc":{"Dur\u00e9e de lecture estim\u00e9e":"1 minute"},"schema":{"@context":"https:\/\/schema.org","@graph":[{"@type":"WebPage","@id":"https:\/\/scpc-plomberie.fr\/index.php\/contact\/","url":"https:\/\/scpc-plomberie.fr\/index.php\/contact\/","name":"Contactez SCPC Plomberie \u2013 Devis gratuit \u00e0 S\u00e8te ou Montpellier","isPartOf":{"@id":"https:\/\/scpc-plomberie.fr\/#website"},"datePublished":"2025-07-26T12:16:08+00:00","dateModified":"2025-11-13T07:22:38+00:00","description":"Demandez un devis ou une intervention urgente. Contact rapide par t\u00e9l\u00e9phone ou formulaire. SCPC intervient \u00e0 S\u00e8te, Montpellier et alentours.","breadcrumb":{"@id":"https:\/\/scpc-plomberie.fr\/index.php\/contact\/#breadcrumb"},"inLanguage":"fr-FR","potentialAction":[{"@type":"ReadAction","target":["https:\/\/scpc-plomberie.fr\/index.php\/contact\/"]}]},{"@type":"BreadcrumbList","@id":"https:\/\/scpc-plomberie.fr\/index.php\/contact\/#breadcrumb","itemListElement":[{"@type":"ListItem","position":1,"name":"Accueil","item":"https:\/\/scpc-plomberie.fr\/"},{"@type":"ListItem","position":2,"name":"Contact"}]},{"@type":"WebSite","@id":"https:\/\/scpc-plomberie.fr\/#website","url":"https:\/\/scpc-plomberie.fr\/","name":"SCPC Plomberie","description":"","publisher":{"@id":"https:\/\/scpc-plomberie.fr\/#organization"},"potentialAction":[{"@type":"SearchAction","target":{"@type":"EntryPoint","urlTemplate":"https:\/\/scpc-plomberie.fr\/?s={search_term_string}"},"query-input":{"@type":"PropertyValueSpecification","valueRequired":true,"valueName":"search_term_string"}}],"inLanguage":"fr-FR"},{"@type":"Organization","@id":"https:\/\/scpc-plomberie.fr\/#organization","name":"SCPC Plomberie","url":"https:\/\/scpc-plomberie.fr\/","logo":{"@type":"ImageObject","inLanguage":"fr-FR","@id":"https:\/\/scpc-plomberie.fr\/#\/schema\/logo\/image\/","url":"https:\/\/scpc-plomberie.fr\/wp-content\/uploads\/2025\/07\/scpc-logo-2.png","contentUrl":"https:\/\/scpc-plomberie.fr\/wp-content\/uploads\/2025\/07\/scpc-logo-2.png","width":800,"height":400,"caption":"SCPC Plomberie"},"image":{"@id":"https:\/\/scpc-plomberie.fr\/#\/schema\/logo\/image\/"}}]}},"_links":{"self":[{"href":"https:\/\/scpc-plomberie.fr\/index.php\/wp-json\/wp\/v2\/pages\/252","targetHints":{"allow":["GET"]}}],"collection":[{"href":"https:\/\/scpc-plomberie.fr\/index.php\/wp-json\/wp\/v2\/pages"}],"about":[{"href":"https:\/\/scpc-plomberie.fr\/index.php\/wp-json\/wp\/v2\/types\/page"}],"author":[{"embeddable":true,"href":"https:\/\/scpc-plomberie.fr\/index.php\/wp-json\/wp\/v2\/users\/1"}],"replies":[{"embeddable":true,"href":"https:\/\/scpc-plomberie.fr\/index.php\/wp-json\/wp\/v2\/comments?post=252"}],"version-history":[{"count":37,"href":"https:\/\/scpc-plomberie.fr\/index.php\/wp-json\/wp\/v2\/pages\/252\/revisions"}],"predecessor-version":[{"id":994,"href":"https:\/\/scpc-plomberie.fr\/index.php\/wp-json\/wp\/v2\/pages\/252\/revisions\/994"}],"wp:attachment":[{"href":"https:\/\/scpc-plomberie.fr\/index.php\/wp-json\/wp\/v2\/media?parent=252"}],"curies":[{"name":"wp","href":"https:\/\/api.w.org\/{rel}","templated":true}]}}